{"id":1270,"date":"2020-08-01T21:16:55","date_gmt":"2020-08-02T01:16:55","guid":{"rendered":"http:\/\/danslesbrasdemorphee.com\/?page_id=1270"},"modified":"2021-04-16T12:21:18","modified_gmt":"2021-04-16T16:21:18","slug":"activities","status":"publish","type":"page","link":"https:\/\/danslesbrasdemorphee.com\/en\/activities\/","title":{"rendered":"Activities"},"content":{"rendered":"<p>[et_pb_section fb_built=&#8221;1&#8243; _builder_version=&#8221;4.9.2&#8243; use_background_color_gradient=&#8221;on&#8221; background_color_gradient_start=&#8221;rgba(0,0,0,0.2)&#8221; background_color_gradient_end=&#8221;rgba(0,0,0,0.2)&#8221; background_color_gradient_overlays_image=&#8221;on&#8221; background_image=&#8221;https:\/\/danslesbrasdemorphee.com\/wp-content\/uploads\/2021\/03\/activites_bg-header-02.jpg&#8221; background_position=&#8221;top_center&#8221; custom_padding=&#8221;4%||8%||false|false&#8221;][et_pb_row _builder_version=&#8221;4.4.7&#8243;][et_pb_column type=&#8221;4_4&#8243; _builder_version=&#8221;4.4.7&#8243;][et_pb_image src=&#8221;https:\/\/danslesbrasdemorphee.com\/wp-content\/uploads\/2020\/06\/propos-icon_title-header.png&#8221; alt=&#8221;propos-icon_title-header&#8221; title_text=&#8221;propos-icon_title-header&#8221; align=&#8221;center&#8221; _builder_version=&#8221;4.4.7&#8243; max_width=&#8221;30%&#8221;][\/et_pb_image][et_pb_text _builder_version=&#8221;4.5.1&#8243; header_font=&#8221;Bell Mt Bold||||||||&#8221; header_text_align=&#8221;center&#8221; header_text_color=&#8221;#ffffff&#8221; header_font_size=&#8221;5em&#8221;]<\/p>\n<h1>Activities<\/h1>\n<p>[\/et_pb_text][\/et_pb_column][\/et_pb_row][\/et_pb_section][et_pb_section fb_built=&#8221;1&#8243; _builder_version=&#8221;4.9.2&#8243; background_color=&#8221;#ededed&#8221; background_image=&#8221;https:\/\/danslesbrasdemorphee.com\/wp-content\/uploads\/2021\/02\/bg-texture-60.jpg&#8221; background_size=&#8221;contain&#8221; background_repeat=&#8221;repeat&#8221; custom_padding=&#8221;5%||3%||false|false&#8221;][et_pb_row column_structure=&#8221;3_5,2_5&#8243; make_equal=&#8221;on&#8221; _builder_version=&#8221;4.5.1&#8243; max_width=&#8221;80%&#8221; custom_padding=&#8221;0%||5%||false|false&#8221;][et_pb_column type=&#8221;3_5&#8243; _builder_version=&#8221;4.4.7&#8243;][et_pb_text _builder_version=&#8221;4.9.4&#8243; text_font=&#8221;Work Sans||||||||&#8221; text_font_size=&#8221;1.2em&#8221; text_line_height=&#8221;1.6em&#8221; header_2_font=&#8221;Bell Mt Bold||||||||&#8221; header_2_text_color=&#8221;#333333&#8243; header_2_font_size=&#8221;2.2em&#8221; text_orientation=&#8221;center&#8221; animation_style=&#8221;fade&#8221; hover_enabled=&#8221;0&#8243; sticky_enabled=&#8221;0&#8243;]<\/p>\n<h2><span class=\"dropcap\">W<strong>elcome to Ile d&#8217;Orl\u00e9ans, classified as a World H\u00e9ritage jewel by UNESCO<\/strong><\/span><\/h2>\n<p><span class=\"dropcap\"><strong><\/strong><\/span><\/p>\n<p><span class=\"dropcap\"><strong>Where history meets the beauty of the earth and the pride of its inhabitants.<\/strong><\/span><\/p>\n<p>An enchanting beginning of the journey in discovering the vast patrimonial, cultural, architectural, natural, gastronomical and artistic treasures that the island and the beautiful region of Qu\u00e9bec have to offer.<\/p>\n<p>L&#8217;\u00eele d&#8217;Orl\u00e9ans is considered to be one of the most ancient colonial territories of New France. It is located only 5 minutes away from the Old Qu\u00e9bec City and at approximately the same distance from all of the other attractions so coveted by our tourists-travellers.<\/p>\n<p>The enchanting Autumn forest colors or the astounding wintry white landscape are all part of the extremely beautiful scenery of Qu\u00e9bec.<\/p>\n<p><strong><\/strong><\/p>\n<p><strong>Come and share our sun, our pure air and our quality of life&#8230;<\/strong><\/p>\n<p>As F\u00e9lix Leclerc once said in one of his songs :<br \/>&#8220;<em>There is around the Island, forty-two miles of peaceful things&#8230;<\/em>&#8220;<\/p>\n<p>The surroundings are simply and utterly enchanting! It&#8217;s absolutely impossible to get bored during your stay in our beautiful and welcoming region!<\/p>\n<p>&nbsp;<\/p>\n<h2>Our favourites located nearby<\/h2>\n<p>To visit the Chute Montmorency, the Parc national de la Jacques- Cartier, the Cap Tourmente National Wildlife Area, the Mont-Sainte-Anne and Stoneham, the Basilica Sainte-Anne-de-Beaupr\u00e9, the Onhoua Cheteke Site located on Wendake territory, the Aquarium, the Roger-Van Den Hende Garden, the Village de Valcartier, the Ice Hotel, the Grand Canyon.<\/p>\n<p>And why not also go for a one-day cruise on the majestic St.Lawrence River and visit Grosse \u00cele (old quarantine station for the port of Qu\u00e9bec during the 19th century) or drop in to say hello to the wales in Tadoussac!<\/p>\n<p>&nbsp;<\/p>\n<p>[\/et_pb_text][\/et_pb_column][et_pb_column type=&#8221;2_5&#8243; _builder_version=&#8221;4.4.7&#8243;][et_pb_text _builder_version=&#8221;4.9.2&#8243; text_font=&#8221;Work Sans||||||||&#8221; text_font_size=&#8221;0.8em&#8221; text_line_height=&#8221;1.6em&#8221; header_2_font=&#8221;Bell Mt Bold||||||||&#8221; header_2_text_color=&#8221;#333333&#8243; header_2_font_size=&#8221;2.2em&#8221; text_orientation=&#8221;center&#8221; animation_style=&#8221;fade&#8221;]<\/p>\n<h2>Le Citron<\/h2>\n<p><em>On display this summer<br \/> Le nouveau Th\u00e9\u00e2tre de l&#8217;\u00cele d&#8217;Orl\u00e9ans<\/em><\/p>\n<p>[\/et_pb_text][et_pb_image src=&#8221;https:\/\/danslesbrasdemorphee.com\/wp-content\/uploads\/2021\/03\/affiche-theatre.jpg&#8221; title_text=&#8221;affiche-theatre&#8221; url=&#8221;https:\/\/nouveautheatredelile.com\/le-citron\/&#8221; url_new_window=&#8221;on&#8221; _builder_version=&#8221;4.9.2&#8243; _module_preset=&#8221;default&#8221;][\/et_pb_image][\/et_pb_column][\/et_pb_row][et_pb_row column_structure=&#8221;1_5,1_5,1_5,1_5,1_5&#8243; use_custom_gutter=&#8221;on&#8221; gutter_width=&#8221;1&#8243; make_equal=&#8221;on&#8221; _builder_version=&#8221;4.5.1&#8243; max_width=&#8221;90%&#8221; custom_padding=&#8221;5%||5%||true|false&#8221;][et_pb_column type=&#8221;1_5&#8243; _builder_version=&#8221;4.5.1&#8243; custom_padding=&#8221;||||false|false&#8221;][et_pb_text _builder_version=&#8221;4.5.1&#8243; text_font=&#8221;Work Sans||||||||&#8221; text_font_size=&#8221;1.2em&#8221; text_line_height=&#8221;1.6em&#8221; header_2_font=&#8221;Bell Mt Bold||||||||&#8221; header_2_text_color=&#8221;#333333&#8243; header_2_font_size=&#8221;2.2em&#8221; animation_style=&#8221;fade&#8221;]<\/p>\n<h2><img src=\"https:\/\/danslesbrasdemorphee.com\/wp-content\/uploads\/2020\/08\/dinghy.png\" \/>\u00a0Outdoor Activities<\/h2>\n<ul>\n<li>Golf<\/li>\n<li>Cycling<\/li>\n<li>Sailing<\/li>\n<li>Cruising<\/li>\n<li>Equestrianism<\/li>\n<li>Canoeing<\/li>\n<li>Kayaking<\/li>\n<li>Fishing<\/li>\n<li>Walks around the shore<\/li>\n<li>Hiking<\/li>\n<li>Bird observation<\/li>\n<li>Paraskiing<\/li>\n<li>Snowshoeing<\/li>\n<li>Snowmobiling<\/li>\n<li>Cross-country skiing<\/li>\n<li>Ice fishing<\/li>\n<li>Sledding<\/li>\n<li>Dog sled rides<\/li>\n<\/ul>\n<p>[\/et_pb_text][\/et_pb_column][et_pb_column type=&#8221;1_5&#8243; _builder_version=&#8221;4.5.1&#8243;][et_pb_text _builder_version=&#8221;4.5.1&#8243; text_font=&#8221;Work Sans||||||||&#8221; text_font_size=&#8221;1.2em&#8221; text_line_height=&#8221;1.6em&#8221; header_2_font=&#8221;Bell Mt Bold||||||||&#8221; header_2_text_color=&#8221;#333333&#8243; header_2_font_size=&#8221;2.2em&#8221; animation_style=&#8221;fade&#8221;]<\/p>\n<h2><img src=\"https:\/\/danslesbrasdemorphee.com\/wp-content\/uploads\/2020\/08\/food.png\" \/> Gourmand Tours<\/h2>\n<ul>\n<li>Bakeries<\/li>\n<li>Fish stores<\/li>\n<li>Cheese Makers<\/li>\n<li>Chocolate Shop<\/li>\n<li>Microbreweries<\/li>\n<li>Sugar shacks<\/li>\n<li>Cideries and vineyards<\/li>\n<li>Renowned restaurants<\/li>\n<li>Pick-your-own fruit and vegetable farms<\/li>\n<\/ul>\n<p>[\/et_pb_text][\/et_pb_column][et_pb_column type=&#8221;1_5&#8243; _builder_version=&#8221;4.5.1&#8243;][et_pb_text _builder_version=&#8221;4.5.1&#8243; text_font=&#8221;Work Sans||||||||&#8221; text_font_size=&#8221;1.2em&#8221; text_line_height=&#8221;1.6em&#8221; header_2_font=&#8221;Bell Mt Bold||||||||&#8221; header_2_text_color=&#8221;#333333&#8243; header_2_font_size=&#8221;2.2em&#8221; animation_style=&#8221;fade&#8221;]<\/p>\n<h2><img src=\"https:\/\/danslesbrasdemorphee.com\/wp-content\/uploads\/2020\/08\/easel.png\" \/> Visits<\/h2>\n<ul>\n<li>Parks<\/li>\n<li>Museums<\/li>\n<li>Gardens<\/li>\n<li>Expositions<\/li>\n<li>Guided tours of the Island<\/li>\n<li>Art galleries<\/li>\n<li>Craft boutiques<\/li>\n<li>Antique shops<\/li>\n<\/ul>\n<p>[\/et_pb_text][\/et_pb_column][et_pb_column type=&#8221;1_5&#8243; _builder_version=&#8221;4.5.1&#8243;][et_pb_text _builder_version=&#8221;4.5.1&#8243; text_font=&#8221;Work Sans||||||||&#8221; text_font_size=&#8221;1.2em&#8221; text_line_height=&#8221;1.6em&#8221; header_2_font=&#8221;Bell Mt Bold||||||||&#8221; header_2_text_color=&#8221;#333333&#8243; header_2_font_size=&#8221;2.2em&#8221; animation_style=&#8221;fade&#8221;]<\/p>\n<h2><img src=\"https:\/\/danslesbrasdemorphee.com\/wp-content\/uploads\/2020\/08\/performance.png\" \/>\u00a0Events<\/h2>\n<ul>\n<li>Concerts<\/li>\n<li>Festivals<\/li>\n<li>Festivities<\/li>\n<li>Conferences<\/li>\n<li>Symposiums<\/li>\n<li>Summer theater<\/li>\n<\/ul>\n<p>[\/et_pb_text][\/et_pb_column][et_pb_column type=&#8221;1_5&#8243; _builder_version=&#8221;4.5.1&#8243;][et_pb_text _builder_version=&#8221;4.5.1&#8243; text_font=&#8221;Work Sans||||||||&#8221; text_font_size=&#8221;1.2em&#8221; text_line_height=&#8221;1.6em&#8221; header_2_font=&#8221;Bell Mt Bold||||||||&#8221; header_2_text_color=&#8221;#333333&#8243; header_2_font_size=&#8221;2.2em&#8221; animation_style=&#8221;fade&#8221;]<\/p>\n<h2><img src=\"https:\/\/danslesbrasdemorphee.com\/wp-content\/uploads\/2020\/08\/map-marker.png\" \/>\u00a0Close to our B&amp;B<\/h2>\n<ul>\n<li>2 min. from the ski trails<\/li>\n<li>2 min. from renowned restaurants<\/li>\n<li>2 min. from the Golf Course<\/li>\n<li>3 min. from a sugar shack<\/li>\n<li>4 min. from St.Lawrence Marina<\/li>\n<li>6 min. from the Summer Theater<\/li>\n<li>8 min. from the Chute-Montmorency<\/li>\n<li>10 min. from shopping centres<\/li>\n<li>15 min. from the Old Qu\u00e9bec City<\/li>\n<li>20 min. from an IMAX 3D cinema<\/li>\n<li>30 min. from the bridges<\/li>\n<li>30 min. from the airport<\/li>\n<li>30 min. from the Mont-Sainte-Anne<\/li>\n<li>40 min. from The Sports Village<\/li>\n<li>40 min. from Ski le Massif<\/li>\n<\/ul>\n<p>[\/et_pb_text][\/et_pb_column][\/et_pb_row][et_pb_row _builder_version=&#8221;4.9.4&#8243; _module_preset=&#8221;default&#8221;][et_pb_column _builder_version=&#8221;4.9.4&#8243; _module_preset=&#8221;default&#8221; type=&#8221;4_4&#8243;][et_pb_text _builder_version=&#8221;4.9.4&#8243; _module_preset=&#8221;default&#8221; hover_enabled=&#8221;0&#8243; sticky_enabled=&#8221;0&#8243;]<a href=\"https:\/\/danslesbrasdemorphee.com\/wp-content\/uploads\/2021\/04\/mrcio-carte-multifonctions-Web.pdf\" class=\"pdfemb-viewer\" style=\"\" data-width=\"max\" data-height=\"max\"  data-toolbar=\"bottom\" data-toolbar-fixed=\"off\">mrcio-carte-multifonctions-Web<br\/><\/a>[\/et_pb_text][\/et_pb_column][\/et_pb_row][\/et_pb_section][et_pb_section fb_built=&#8221;1&#8243; _builder_version=&#8221;4.8.2&#8243; _module_preset=&#8221;default&#8221; custom_padding=&#8221;0px||0px||false|false&#8221;][et_pb_row _builder_version=&#8221;4.8.2&#8243; _module_preset=&#8221;default&#8221; width=&#8221;100%&#8221; max_width=&#8221;100%&#8221; max_height=&#8221;600px&#8221; custom_margin=&#8221;||||false|false&#8221; custom_padding=&#8221;0px||0px||false|false&#8221;][et_pb_column type=&#8221;4_4&#8243; _builder_version=&#8221;4.8.2&#8243; _module_preset=&#8221;default&#8221;][et_pb_gallery gallery_ids=&#8221;1629,1631,1633,1635&#8243; fullwidth=&#8221;on&#8221; _builder_version=&#8221;4.8.2&#8243; _module_preset=&#8221;default&#8221; auto=&#8221;on&#8221; auto_speed=&#8221;4000&#8243;][\/et_pb_gallery][\/et_pb_column][\/et_pb_row][\/et_pb_section]<\/p>\n","protected":false},"excerpt":{"rendered":"<p>Activities Welcome to Ile d&#8217;Orl\u00e9ans, classified as a World H\u00e9ritage jewel by UNESCO Where&#8230;<\/p>\n","protected":false},"author":1,"featured_media":0,"parent":0,"menu_order":0,"comment_status":"closed","ping_status":"closed","template":"","meta":{"_et_pb_use_builder":"on","_et_pb_old_content":"","_et_gb_content_width":""},"yoast_head":"<!-- This site is optimized with the Yoast SEO plugin v16.1.1 - https:\/\/yoast.com\/wordpress\/plugins\/seo\/ -->\n<title>Activities - Dans les bras de Morph\u00e9e<\/title>\n<link rel=\"canonical\" href=\"https:\/\/danslesbrasdemorphee.com\/en\/activities\/\" \/>\n<meta property=\"og:locale\" content=\"en_US\" \/>\n<meta property=\"og:type\" content=\"article\" \/>\n<meta property=\"og:title\" content=\"Activities - Dans les bras de Morph\u00e9e\" \/>\n<meta property=\"og:description\" content=\"Activities Welcome to Ile d&#8217;Orl\u00e9ans, classified as a World H\u00e9ritage jewel by UNESCO Where...\" \/>\n<meta property=\"og:url\" content=\"https:\/\/danslesbrasdemorphee.com\/en\/activities\/\" \/>\n<meta property=\"og:site_name\" content=\"Dans les bras de Morph\u00e9e\" \/>\n<meta property=\"article:modified_time\" content=\"2021-04-16T16:21:18+00:00\" \/>\n<meta property=\"og:image\" content=\"https:\/\/danslesbrasdemorphee.com\/wp-content\/uploads\/2020\/08\/dinghy.png\" \/>\n<meta name=\"twitter:card\" content=\"summary_large_image\" \/>\n<meta name=\"twitter:label1\" content=\"Est. reading time\">\n\t<meta name=\"twitter:data1\" content=\"6 minutes\">\n<script type=\"application\/ld+json\" class=\"yoast-schema-graph\">{\"@context\":\"https:\/\/schema.org\",\"@graph\":[{\"@type\":\"WebSite\",\"@id\":\"https:\/\/danslesbrasdemorphee.com\/#website\",\"url\":\"https:\/\/danslesbrasdemorphee.com\/\",\"name\":\"Dans les bras de Morph\\u00e9e\",\"description\":\"Auberge \/ B&amp;B \\u00cele d&#039;Orl\\u00e9ans\",\"potentialAction\":[{\"@type\":\"SearchAction\",\"target\":\"https:\/\/danslesbrasdemorphee.com\/?s={search_term_string}\",\"query-input\":\"required name=search_term_string\"}],\"inLanguage\":\"en-US\"},{\"@type\":\"ImageObject\",\"@id\":\"https:\/\/danslesbrasdemorphee.com\/en\/activities\/#primaryimage\",\"inLanguage\":\"en-US\",\"url\":\"https:\/\/danslesbrasdemorphee.com\/wp-content\/uploads\/2020\/08\/dinghy.png\",\"contentUrl\":\"https:\/\/danslesbrasdemorphee.com\/wp-content\/uploads\/2020\/08\/dinghy.png\",\"width\":25,\"height\":25},{\"@type\":\"WebPage\",\"@id\":\"https:\/\/danslesbrasdemorphee.com\/en\/activities\/#webpage\",\"url\":\"https:\/\/danslesbrasdemorphee.com\/en\/activities\/\",\"name\":\"Activities - Dans les bras de Morph\\u00e9e\",\"isPartOf\":{\"@id\":\"https:\/\/danslesbrasdemorphee.com\/#website\"},\"primaryImageOfPage\":{\"@id\":\"https:\/\/danslesbrasdemorphee.com\/en\/activities\/#primaryimage\"},\"datePublished\":\"2020-08-02T01:16:55+00:00\",\"dateModified\":\"2021-04-16T16:21:18+00:00\",\"breadcrumb\":{\"@id\":\"https:\/\/danslesbrasdemorphee.com\/en\/activities\/#breadcrumb\"},\"inLanguage\":\"en-US\",\"potentialAction\":[{\"@type\":\"ReadAction\",\"target\":[\"https:\/\/danslesbrasdemorphee.com\/en\/activities\/\"]}]},{\"@type\":\"BreadcrumbList\",\"@id\":\"https:\/\/danslesbrasdemorphee.com\/en\/activities\/#breadcrumb\",\"itemListElement\":[{\"@type\":\"ListItem\",\"position\":1,\"item\":{\"@type\":\"WebPage\",\"@id\":\"https:\/\/danslesbrasdemorphee.com\/en\/\",\"url\":\"https:\/\/danslesbrasdemorphee.com\/en\/\",\"name\":\"Accueil\"}},{\"@type\":\"ListItem\",\"position\":2,\"item\":{\"@type\":\"WebPage\",\"@id\":\"https:\/\/danslesbrasdemorphee.com\/en\/activities\/\",\"url\":\"https:\/\/danslesbrasdemorphee.com\/en\/activities\/\",\"name\":\"Activities\"}}]}]}<\/script>\n<!-- \/ Yoast SEO plugin. -->","_links":{"self":[{"href":"https:\/\/danslesbrasdemorphee.com\/en\/wp-json\/wp\/v2\/pages\/1270"}],"collection":[{"href":"https:\/\/danslesbrasdemorphee.com\/en\/wp-json\/wp\/v2\/pages"}],"about":[{"href":"https:\/\/danslesbrasdemorphee.com\/en\/wp-json\/wp\/v2\/types\/page"}],"author":[{"embeddable":true,"href":"https:\/\/danslesbrasdemorphee.com\/en\/wp-json\/wp\/v2\/users\/1"}],"replies":[{"embeddable":true,"href":"https:\/\/danslesbrasdemorphee.com\/en\/wp-json\/wp\/v2\/comments?post=1270"}],"version-history":[{"count":5,"href":"https:\/\/danslesbrasdemorphee.com\/en\/wp-json\/wp\/v2\/pages\/1270\/revisions"}],"predecessor-version":[{"id":1924,"href":"https:\/\/danslesbrasdemorphee.com\/en\/wp-json\/wp\/v2\/pages\/1270\/revisions\/1924"}],"wp:attachment":[{"href":"https:\/\/danslesbrasdemorphee.com\/en\/wp-json\/wp\/v2\/media?parent=1270"}],"curies":[{"name":"wp","href":"https:\/\/api.w.org\/{rel}","templated":true}]}}