{"id":922,"date":"2020-07-01T16:45:28","date_gmt":"2020-07-01T20:45:28","guid":{"rendered":"http:\/\/danslesbrasdemorphee.com\/?page_id=922"},"modified":"2021-04-27T18:47:14","modified_gmt":"2021-04-27T22:47:14","slug":"breakfast","status":"publish","type":"page","link":"https:\/\/danslesbrasdemorphee.com\/en\/breakfast\/","title":{"rendered":"Breakfast"},"content":{"rendered":"<p>[et_pb_section fb_built=&#8221;1&#8243; _builder_version=&#8221;4.9.4&#8243; use_background_color_gradient=&#8221;on&#8221; background_color_gradient_start=&#8221;rgba(0,0,0,0.2)&#8221; background_color_gradient_end=&#8221;rgba(0,0,0,0.2)&#8221; background_color_gradient_overlays_image=&#8221;on&#8221; background_image=&#8221;https:\/\/danslesbrasdemorphee.com\/wp-content\/uploads\/2021\/04\/dejeuner-04.jpeg&#8221; custom_padding=&#8221;4%||8%||false|false&#8221; hover_enabled=&#8221;0&#8243; title_text=&#8221;dejeuner-04&#8243; sticky_enabled=&#8221;0&#8243;][et_pb_row _builder_version=&#8221;4.4.7&#8243;][et_pb_column type=&#8221;4_4&#8243; _builder_version=&#8221;4.4.7&#8243;][et_pb_image src=&#8221;https:\/\/danslesbrasdemorphee.com\/wp-content\/uploads\/2020\/06\/services-icon_title-header-01-1.png&#8221; alt=&#8221;services-icon_title-header-01&#8243; title_text=&#8221;services-icon_title-header-01&#8243; align=&#8221;center&#8221; _builder_version=&#8221;4.4.7&#8243; max_width=&#8221;30%&#8221;][\/et_pb_image][et_pb_text _builder_version=&#8221;4.4.8&#8243; header_font=&#8221;Bell Mt Bold||||||||&#8221; header_text_align=&#8221;center&#8221; header_text_color=&#8221;#ffffff&#8221; header_font_size=&#8221;5em&#8221;]<\/p>\n<h1>Breakfast<\/h1>\n<p>[\/et_pb_text][\/et_pb_column][\/et_pb_row][\/et_pb_section][et_pb_section fb_built=&#8221;1&#8243; _builder_version=&#8221;4.4.7&#8243; background_color=&#8221;#ededed&#8221; background_image=&#8221;https:\/\/danslesbrasdemorphee.com\/wp-content\/uploads\/2021\/02\/bg-texture-60.jpg&#8221; background_size=&#8221;contain&#8221; background_repeat=&#8221;repeat&#8221; custom_padding=&#8221;5%||8%||false|false&#8221;][et_pb_row column_structure=&#8221;1_2,1_2&#8243; make_equal=&#8221;on&#8221; module_id=&#8221;dejeuner&#8221; _builder_version=&#8221;4.4.7&#8243; max_width=&#8221;70%&#8221;][et_pb_column type=&#8221;1_2&#8243; module_class=&#8221;vertical-align&#8221; _builder_version=&#8221;4.4.6&#8243; custom_padding=&#8221;||||false|false&#8221;][et_pb_image src=&#8221;https:\/\/danslesbrasdemorphee.com\/wp-content\/uploads\/2020\/06\/services_01.jpg&#8221; alt=&#8221;services_01&#8243; title_text=&#8221;services_01&#8243; _builder_version=&#8221;4.4.7&#8243; background_enable_color=&#8221;off&#8221; max_width=&#8221;70%&#8221; module_alignment=&#8221;center&#8221; animation_style=&#8221;fade&#8221; box_shadow_style=&#8221;preset5&#8243; box_shadow_horizontal=&#8221;12px&#8221; box_shadow_vertical=&#8221;11px&#8221; box_shadow_spread=&#8221;-3px&#8221; box_shadow_color=&#8221;#ac955f&#8221;][\/et_pb_image][\/et_pb_column][et_pb_column type=&#8221;1_2&#8243; module_class=&#8221;vertical-align&#8221; _builder_version=&#8221;4.4.7&#8243;][et_pb_divider show_divider=&#8221;off&#8221; _builder_version=&#8221;4.4.7&#8243; max_width=&#8221;28%&#8221; animation_style=&#8221;fade&#8221; border_color_all=&#8221;#ac955f&#8221; border_width_top=&#8221;6px&#8221;][\/et_pb_divider][et_pb_text _builder_version=&#8221;4.4.8&#8243; text_font=&#8221;Work Sans||||||||&#8221; text_font_size=&#8221;1em&#8221; text_line_height=&#8221;1.6em&#8221; header_2_font=&#8221;Bell Mt Bold||||||||&#8221; header_2_text_color=&#8221;#333333&#8243; header_2_font_size=&#8221;3em&#8221; animation_style=&#8221;fade&#8221;]<\/p>\n<h2>Farm-to-Table Freshness<\/h2>\n<p>&nbsp;<\/p>\n<p>At Dans les bras de Morph\u00e9e, we are proud to feature our own as well as local farm-fresh and organic foods for all our breakfast courses!<\/p>\n<p><strong>In the morning&#8230;<\/strong><br \/>You wake up to find the dining table garnished with fresh local products. The jams, the p\u00e2t\u00e9s, the home-made pork spreads and the pastries fresh out of the oven will make your mouth water.<\/p>\n<p>Certain dishes are prepared after the original recipe of our ancestors, the colonists of New France. This means that your stay at Dans les bras de Morph\u00e9e will give you the chance to taste some of the amazing specialties of Breton origin as well as other Qu\u00e9b\u00e9cois dishes.<\/p>\n<p>You will be presented with a different and unique menu every day. If you suffer from any allergies or intolerance to certain foods, please let us know in advance so we can adapt our cooking\/dishes to your dietary specifications. We kindly ask you to do this the day prior to your scheduled arrival.<\/p>\n<p>[\/et_pb_text][\/et_pb_column][\/et_pb_row][et_pb_row column_structure=&#8221;1_2,1_2&#8243; make_equal=&#8221;on&#8221; module_id=&#8221;dejeuner&#8221; _builder_version=&#8221;4.4.7&#8243; max_width=&#8221;70%&#8221;][et_pb_column type=&#8221;1_2&#8243; module_class=&#8221;vertical-align&#8221; _builder_version=&#8221;4.4.6&#8243; custom_padding=&#8221;||||false|false&#8221;][et_pb_gallery gallery_ids=&#8221;816&#8243; _builder_version=&#8221;4.9.4&#8243; _module_preset=&#8221;adb9f940-4df1-4e43-a743-05f752103adb&#8221; filter_brightness=&#8221;140%&#8221;][\/et_pb_gallery][\/et_pb_column][et_pb_column type=&#8221;1_2&#8243; module_class=&#8221;vertical-align&#8221; _builder_version=&#8221;4.4.7&#8243;][et_pb_image src=&#8221;https:\/\/danslesbrasdemorphee.com\/wp-content\/uploads\/2020\/06\/services_02.jpg&#8221; alt=&#8221;services_02&#8243; title_text=&#8221;services_02&#8243; show_in_lightbox=&#8221;on&#8221; _builder_version=&#8221;4.9.4&#8243; max_width=&#8221;85%&#8221; module_alignment=&#8221;center&#8221; custom_margin=&#8221;||3%||false|false&#8221;][\/et_pb_image][\/et_pb_column][\/et_pb_row][et_pb_row _builder_version=&#8221;4.9.4&#8243; _module_preset=&#8221;default&#8221; width=&#8221;70%&#8221; custom_padding=&#8221;0px||||false|false&#8221;][et_pb_column type=&#8221;4_4&#8243; _builder_version=&#8221;4.9.4&#8243; _module_preset=&#8221;default&#8221;][et_pb_text _builder_version=&#8221;4.4.8&#8243; header_6_font=&#8221;Bell Mt Bold||||||||&#8221; header_6_text_align=&#8221;center&#8221; header_6_text_color=&#8221;#333333&#8243; header_6_font_size=&#8221;1.2em&#8221; custom_margin=&#8221;||||false|false&#8221; custom_padding=&#8221;||||false|false&#8221; animation_style=&#8221;fade&#8221;]<\/p>\n<h6>Dining Room<\/h6>\n<p>[\/et_pb_text][\/et_pb_column][\/et_pb_row][et_pb_row make_equal=&#8221;on&#8221; module_id=&#8221;dejeuner&#8221; _builder_version=&#8221;4.8.2&#8243; max_width=&#8221;70%&#8221; custom_padding=&#8221;|2%||2%|false|true&#8221;][et_pb_column type=&#8221;4_4&#8243; module_class=&#8221;vertical-align&#8221; _builder_version=&#8221;4.4.6&#8243; custom_padding=&#8221;||||false|false&#8221;][et_pb_text _builder_version=&#8221;4.4.8&#8243; text_font=&#8221;Work Sans||||||||&#8221; text_font_size=&#8221;1em&#8221; text_line_height=&#8221;1.6em&#8221; header_2_font=&#8221;Bell Mt Bold||||||||&#8221; header_2_text_color=&#8221;#333333&#8243; header_2_font_size=&#8221;3em&#8221; text_orientation=&#8221;center&#8221; animation_style=&#8221;fade&#8221;]<\/p>\n<p>The breakfast can be served either in the dining room, surrounded by the warm atmosphere especially created for your own comfort, or if you prefer to savor your meal in total intimacy we suggest the summer kitchen and when the weather permits, outside on the terrace. And of course during winter time, huddled around a nice fire in the main salon.<\/p>\n<p>[\/et_pb_text][et_pb_image src=&#8221;https:\/\/danslesbrasdemorphee.com\/wp-content\/uploads\/2021\/02\/dejeuner-01.jpg&#8221; title_text=&#8221;dejeuner-01&#8243; _builder_version=&#8221;4.8.2&#8243; _module_preset=&#8221;default&#8221;][\/et_pb_image][\/et_pb_column][\/et_pb_row][\/et_pb_section]<\/p>\n","protected":false},"excerpt":{"rendered":"<p>Breakfast Farm-to-Table Freshness &nbsp; At Dans les bras de Morph\u00e9e, we are proud to feature our&#8230;<\/p>\n","protected":false},"author":1,"featured_media":0,"parent":0,"menu_order":0,"comment_status":"closed","ping_status":"closed","template":"","meta":{"_et_pb_use_builder":"on","_et_pb_old_content":"","_et_gb_content_width":""},"yoast_head":"<!-- This site is optimized with the Yoast SEO plugin v16.1.1 - https:\/\/yoast.com\/wordpress\/plugins\/seo\/ -->\n<title>Breakfast - Dans les bras de Morph\u00e9e<\/title>\n<link rel=\"canonical\" href=\"https:\/\/danslesbrasdemorphee.com\/en\/breakfast\/\" \/>\n<meta property=\"og:locale\" content=\"en_US\" \/>\n<meta property=\"og:type\" content=\"article\" \/>\n<meta property=\"og:title\" content=\"Breakfast - Dans les bras de Morph\u00e9e\" \/>\n<meta property=\"og:description\" content=\"Breakfast Farm-to-Table Freshness &nbsp; At Dans les bras de Morph\u00e9e, we are proud to feature our...\" \/>\n<meta property=\"og:url\" content=\"https:\/\/danslesbrasdemorphee.com\/en\/breakfast\/\" \/>\n<meta property=\"og:site_name\" content=\"Dans les bras de Morph\u00e9e\" \/>\n<meta property=\"article:modified_time\" content=\"2021-04-27T22:47:14+00:00\" \/>\n<meta name=\"twitter:card\" content=\"summary_large_image\" \/>\n<meta name=\"twitter:label1\" content=\"Est. reading time\">\n\t<meta name=\"twitter:data1\" content=\"4 minutes\">\n<script type=\"application\/ld+json\" class=\"yoast-schema-graph\">{\"@context\":\"https:\/\/schema.org\",\"@graph\":[{\"@type\":\"WebSite\",\"@id\":\"https:\/\/danslesbrasdemorphee.com\/#website\",\"url\":\"https:\/\/danslesbrasdemorphee.com\/\",\"name\":\"Dans les bras de Morph\\u00e9e\",\"description\":\"Auberge \/ B&amp;B \\u00cele d&#039;Orl\\u00e9ans\",\"potentialAction\":[{\"@type\":\"SearchAction\",\"target\":\"https:\/\/danslesbrasdemorphee.com\/?s={search_term_string}\",\"query-input\":\"required name=search_term_string\"}],\"inLanguage\":\"en-US\"},{\"@type\":\"WebPage\",\"@id\":\"https:\/\/danslesbrasdemorphee.com\/en\/breakfast\/#webpage\",\"url\":\"https:\/\/danslesbrasdemorphee.com\/en\/breakfast\/\",\"name\":\"Breakfast - Dans les bras de Morph\\u00e9e\",\"isPartOf\":{\"@id\":\"https:\/\/danslesbrasdemorphee.com\/#website\"},\"datePublished\":\"2020-07-01T20:45:28+00:00\",\"dateModified\":\"2021-04-27T22:47:14+00:00\",\"breadcrumb\":{\"@id\":\"https:\/\/danslesbrasdemorphee.com\/en\/breakfast\/#breadcrumb\"},\"inLanguage\":\"en-US\",\"potentialAction\":[{\"@type\":\"ReadAction\",\"target\":[\"https:\/\/danslesbrasdemorphee.com\/en\/breakfast\/\"]}]},{\"@type\":\"BreadcrumbList\",\"@id\":\"https:\/\/danslesbrasdemorphee.com\/en\/breakfast\/#breadcrumb\",\"itemListElement\":[{\"@type\":\"ListItem\",\"position\":1,\"item\":{\"@type\":\"WebPage\",\"@id\":\"https:\/\/danslesbrasdemorphee.com\/en\/\",\"url\":\"https:\/\/danslesbrasdemorphee.com\/en\/\",\"name\":\"Accueil\"}},{\"@type\":\"ListItem\",\"position\":2,\"item\":{\"@type\":\"WebPage\",\"@id\":\"https:\/\/danslesbrasdemorphee.com\/en\/breakfast\/\",\"url\":\"https:\/\/danslesbrasdemorphee.com\/en\/breakfast\/\",\"name\":\"Breakfast\"}}]}]}<\/script>\n<!-- \/ Yoast SEO plugin. -->","_links":{"self":[{"href":"https:\/\/danslesbrasdemorphee.com\/en\/wp-json\/wp\/v2\/pages\/922"}],"collection":[{"href":"https:\/\/danslesbrasdemorphee.com\/en\/wp-json\/wp\/v2\/pages"}],"about":[{"href":"https:\/\/danslesbrasdemorphee.com\/en\/wp-json\/wp\/v2\/types\/page"}],"author":[{"embeddable":true,"href":"https:\/\/danslesbrasdemorphee.com\/en\/wp-json\/wp\/v2\/users\/1"}],"replies":[{"embeddable":true,"href":"https:\/\/danslesbrasdemorphee.com\/en\/wp-json\/wp\/v2\/comments?post=922"}],"version-history":[{"count":9,"href":"https:\/\/danslesbrasdemorphee.com\/en\/wp-json\/wp\/v2\/pages\/922\/revisions"}],"predecessor-version":[{"id":2046,"href":"https:\/\/danslesbrasdemorphee.com\/en\/wp-json\/wp\/v2\/pages\/922\/revisions\/2046"}],"wp:attachment":[{"href":"https:\/\/danslesbrasdemorphee.com\/en\/wp-json\/wp\/v2\/media?parent=922"}],"curies":[{"name":"wp","href":"https:\/\/api.w.org\/{rel}","templated":true}]}}